{"id":1193,"date":"2022-04-25T09:02:19","date_gmt":"2022-04-25T07:02:19","guid":{"rendered":"http:\/\/www.mbpack.fr\/?post_type=product&#038;p=1193"},"modified":"2025-04-23T11:50:27","modified_gmt":"2025-04-23T09:50:27","slug":"grillbag-kraft-brun","status":"publish","type":"product","link":"https:\/\/www.mbpack.fr\/fr\/produit\/grillbag-kraft-brun\/","title":{"rendered":"Grillbag Kraft Brun"},"content":{"rendered":"","protected":false},"excerpt":{"rendered":"<p>Un emballage sandwich tr\u00e8s innovant con\u00e7u en papier cuisson. Le sac sandwich peut \u00eatre plac\u00e9 directement dans le toaster avec le pain \u00e0 l&rsquo;int\u00e9rieur pour une propret\u00e9 in\u00e9gal\u00e9e de votre toaster apr\u00e8s chaque cuisson.<\/p>\n","protected":false},"featured_media":3326,"template":"","meta":[],"product_brand":[],"product_cat":[75],"product_tag":[318,349,348],"class_list":{"0":"post-1193","1":"product","2":"type-product","3":"status-publish","4":"has-post-thumbnail","6":"product_cat-snacking-et-vente-a-emporter","7":"product_tag-selection","8":"product_tag-selection-paqo-artisans","9":"product_tag-selection-paqo-grossistes","10":"material-papier-kraft-brun","11":"pictogram-apte-au-contact-alimentaire","12":"pictogram-fabrication-europeenne","13":"pictogram-meilleure-vente","14":"pictogram-personnalisable","15":"pictogram-recyclable","16":"pictogram-special-grill-four","17":"pictogram-special-micro-onde","19":"first","20":"instock","21":"shipping-taxable","22":"product-type-variable"},"_links":{"self":[{"href":"https:\/\/www.mbpack.fr\/fr\/wp-json\/wp\/v2\/product\/1193","targetHints":{"allow":["GET"]}}],"collection":[{"href":"https:\/\/www.mbpack.fr\/fr\/wp-json\/wp\/v2\/product"}],"about":[{"href":"https:\/\/www.mbpack.fr\/fr\/wp-json\/wp\/v2\/types\/product"}],"wp:featuredmedia":[{"embeddable":true,"href":"https:\/\/www.mbpack.fr\/fr\/wp-json\/wp\/v2\/media\/3326"}],"wp:attachment":[{"href":"https:\/\/www.mbpack.fr\/fr\/wp-json\/wp\/v2\/media?parent=1193"}],"wp:term":[{"taxonomy":"product_brand","embeddable":true,"href":"https:\/\/www.mbpack.fr\/fr\/wp-json\/wp\/v2\/product_brand?post=1193"},{"taxonomy":"product_cat","embeddable":true,"href":"https:\/\/www.mbpack.fr\/fr\/wp-json\/wp\/v2\/product_cat?post=1193"},{"taxonomy":"product_tag","embeddable":true,"href":"https:\/\/www.mbpack.fr\/fr\/wp-json\/wp\/v2\/product_tag?post=1193"}],"curies":[{"name":"wp","href":"https:\/\/api.w.org\/{rel}","templated":true}]}}