{"id":760,"date":"2022-04-21T16:10:00","date_gmt":"2022-04-21T14:10:00","guid":{"rendered":"http:\/\/www.mbpack.fr\/?post_type=product&#038;p=760"},"modified":"2024-05-15T14:14:24","modified_gmt":"2024-05-15T12:14:24","slug":"plateaux-repas-selfipack-2","status":"publish","type":"product","link":"https:\/\/www.mbpack.fr\/fr\/produit\/plateaux-repas-selfipack-2\/","title":{"rendered":"Plateaux repas Selfipack"},"content":{"rendered":"","protected":false},"excerpt":{"rendered":"<p>Un plateau repas jetable en plastique blanc avec 5 compartiments avec la possibilit\u00e9 d&rsquo;y ajouter un couvercle pour la vente \u00e0 emporter et le transport de vos pr\u00e9parations culinaires.<\/p>\n","protected":false},"featured_media":3917,"template":"","meta":[],"product_brand":[],"product_cat":[74],"product_tag":[],"class_list":{"0":"post-760","1":"product","2":"type-product","3":"status-publish","4":"has-post-thumbnail","6":"product_cat-boucherie-et-traiteur","7":"material-plastique","8":"pictogram-apte-au-contact-alimentaire","9":"pictogram-fabrication-francaise","10":"pictogram-recyclable","11":"pictogram-special-froid","13":"first","14":"instock","15":"shipping-taxable","16":"product-type-variable"},"_links":{"self":[{"href":"https:\/\/www.mbpack.fr\/fr\/wp-json\/wp\/v2\/product\/760","targetHints":{"allow":["GET"]}}],"collection":[{"href":"https:\/\/www.mbpack.fr\/fr\/wp-json\/wp\/v2\/product"}],"about":[{"href":"https:\/\/www.mbpack.fr\/fr\/wp-json\/wp\/v2\/types\/product"}],"wp:featuredmedia":[{"embeddable":true,"href":"https:\/\/www.mbpack.fr\/fr\/wp-json\/wp\/v2\/media\/3917"}],"wp:attachment":[{"href":"https:\/\/www.mbpack.fr\/fr\/wp-json\/wp\/v2\/media?parent=760"}],"wp:term":[{"taxonomy":"product_brand","embeddable":true,"href":"https:\/\/www.mbpack.fr\/fr\/wp-json\/wp\/v2\/product_brand?post=760"},{"taxonomy":"product_cat","embeddable":true,"href":"https:\/\/www.mbpack.fr\/fr\/wp-json\/wp\/v2\/product_cat?post=760"},{"taxonomy":"product_tag","embeddable":true,"href":"https:\/\/www.mbpack.fr\/fr\/wp-json\/wp\/v2\/product_tag?post=760"}],"curies":[{"name":"wp","href":"https:\/\/api.w.org\/{rel}","templated":true}]}}